{"id":307,"date":"2023-03-03T16:52:03","date_gmt":"2023-03-03T16:52:03","guid":{"rendered":"https:\/\/www.ts-sahkoasennus.fi\/?page_id=307"},"modified":"2023-03-03T18:39:25","modified_gmt":"2023-03-03T18:39:25","slug":"palvelut","status":"publish","type":"page","link":"https:\/\/www.ts-sahkoasennus.fi\/","title":{"rendered":"Palvelut"},"content":{"rendered":"\n<p>Ammattilaisen tekem\u00e4 s\u00e4hk\u00f6ty\u00f6 on laadukasta ja turvallista. <\/p>\n\n\n\n<p>Voit huoletta luottaa siihen, ett\u00e4 asennukset t\u00e4ytt\u00e4v\u00e4t alan standardit ja vaatimukset. <br>\u200b<br>Ty\u00f6 on kotitalousv\u00e4hennyskelpoista.<\/p>\n\n\n\n<p><strong>Palveluitamme:<\/strong><\/p>\n\n\n\n<ul class=\"wp-block-list\">\n<li>Vikakorjaukset<\/li>\n\n\n\n<li><em>Uudiskohteiden s\u00e4hk\u00f6istys<\/em><\/li>\n\n\n\n<li><em>Remonttien s\u00e4hk\u00f6ty\u00f6t<\/em><\/li>\n\n\n\n<li><em>S\u00e4hk\u00f6autojen lataus<\/em><\/li>\n\n\n\n<li>S\u00e4hk\u00f6suunnittelu<\/li>\n<\/ul>\n\n\n\n<p><strong>Kauttamme saat my\u00f6s:<\/strong><\/p>\n\n\n\n<ul class=\"wp-block-list\">\n<li>Taloautomaatio (KNX)<\/li>\n<\/ul>\n\n\n\n<p><strong>Yrityksell\u00e4mme on S2-p\u00e4tevyys, joka oikeuttaa tekem\u00e4\u00e4n enint\u00e4\u00e4n 1000 V s\u00e4hk\u00f6laitteistojen asennust\u00f6it\u00e4.<\/strong><\/p>\n\n\n\n<figure class=\"wp-block-image size-full\"><img loading=\"lazy\" decoding=\"async\" width=\"450\" height=\"100\" src=\"http:\/\/www.ts-sahkoasennus.fi\/wp-content\/uploads\/2021\/05\/s2_patevyys.png\" alt=\"\" class=\"wp-image-227\" srcset=\"https:\/\/www.ts-sahkoasennus.fi\/wp-content\/uploads\/2021\/05\/s2_patevyys.png 450w, https:\/\/www.ts-sahkoasennus.fi\/wp-content\/uploads\/2021\/05\/s2_patevyys-300x67.png 300w, https:\/\/www.ts-sahkoasennus.fi\/wp-content\/uploads\/2021\/05\/s2_patevyys-400x89.png 400w\" sizes=\"auto, (max-width: 450px) 100vw, 450px\" \/><\/figure>\n","protected":false},"excerpt":{"rendered":"<p>Ammattilaisen tekem\u00e4 s\u00e4hk\u00f6ty\u00f6 on laadukasta ja turvallista. Voit huoletta luottaa siihen, ett\u00e4 asennukset t\u00e4ytt\u00e4v\u00e4t alan [&hellip;]<\/p>\n","protected":false},"author":1,"featured_media":0,"parent":0,"menu_order":0,"comment_status":"closed","ping_status":"closed","template":"","meta":{"om_disable_all_campaigns":false,"_monsterinsights_skip_tracking":false,"_monsterinsights_sitenote_active":false,"_monsterinsights_sitenote_note":"","_monsterinsights_sitenote_category":0,"footnotes":""},"class_list":["post-307","page","type-page","status-publish","hentry"],"_links":{"self":[{"href":"https:\/\/www.ts-sahkoasennus.fi\/index.php\/wp-json\/wp\/v2\/pages\/307","targetHints":{"allow":["GET"]}}],"collection":[{"href":"https:\/\/www.ts-sahkoasennus.fi\/index.php\/wp-json\/wp\/v2\/pages"}],"about":[{"href":"https:\/\/www.ts-sahkoasennus.fi\/index.php\/wp-json\/wp\/v2\/types\/page"}],"author":[{"embeddable":true,"href":"https:\/\/www.ts-sahkoasennus.fi\/index.php\/wp-json\/wp\/v2\/users\/1"}],"replies":[{"embeddable":true,"href":"https:\/\/www.ts-sahkoasennus.fi\/index.php\/wp-json\/wp\/v2\/comments?post=307"}],"version-history":[{"count":7,"href":"https:\/\/www.ts-sahkoasennus.fi\/index.php\/wp-json\/wp\/v2\/pages\/307\/revisions"}],"predecessor-version":[{"id":369,"href":"https:\/\/www.ts-sahkoasennus.fi\/index.php\/wp-json\/wp\/v2\/pages\/307\/revisions\/369"}],"wp:attachment":[{"href":"https:\/\/www.ts-sahkoasennus.fi\/index.php\/wp-json\/wp\/v2\/media?parent=307"}],"curies":[{"name":"wp","href":"https:\/\/api.w.org\/{rel}","templated":true}]}}